{"id":8719,"date":"2025-06-22T16:19:29","date_gmt":"2025-06-22T14:19:29","guid":{"rendered":"https:\/\/tallerestintoretto.com\/labs\/?page_id=8719"},"modified":"2026-05-07T15:17:24","modified_gmt":"2026-05-07T18:17:24","slug":"it","status":"publish","type":"page","link":"https:\/\/tallerestintoretto.com\/labs\/it\/","title":{"rendered":"Home"},"content":{"rendered":"\n<div class=\"wp-block-columns is-layout-flex wp-container-core-columns-is-layout-9d6595d7 wp-block-columns-is-layout-flex\">\n<div class=\"wp-block-column contenido_ochenta is-layout-flow wp-block-column-is-layout-flow\">\n<p class=\"has-text-align-center\">versi\u00f3n en espa\u00f1ol \u00bb <a href=\"https:\/\/tallerestintoretto.com\/labs\/es\/\" data-type=\"link\" data-id=\"https:\/\/tallerestintoretto.com\/labs\/es\">[\ud83c\uddea\ud83c\uddf8]<\/a><\/p>\n\n\n\n<div style=\"height:30px\" aria-hidden=\"true\" class=\"wp-block-spacer\"><\/div>\n\n\n\n<h2 class=\"wp-block-heading has-text-align-center has-x-large-font-size\">TINTORETTO<\/h2>\n\n\n\n<p class=\"has-text-align-center\">Laboratorio d&#8217;Arte<\/p>\n\n\n\n<h2 class=\"wp-block-heading has-text-align-center\">Proposta 2026:<br>TINTORETTO \u00abLORE\u00bb<\/h2>\n\n\n\n<div class=\"wp-block-columns contenido_ochenta is-layout-flex wp-container-core-columns-is-layout-9d6595d7 wp-block-columns-is-layout-flex\">\n<div class=\"wp-block-column is-layout-flow wp-block-column-is-layout-flow\"><\/div>\n\n\n\n<div class=\"wp-block-column is-layout-flow wp-block-column-is-layout-flow\"><\/div>\n\n\n\n<div class=\"wp-block-column is-layout-flow wp-block-column-is-layout-flow\" style=\"flex-basis:40%\">\n<div style=\"height:25px\" aria-hidden=\"true\" class=\"wp-block-spacer\"><\/div>\n\n\n\n<p><strong>Tintoretto \u00abLore\u00bb<\/strong> \u00e8 la nuova proposta dei laboratori per il 2026. <\/p>\n\n\n\n<p>Definiamo il Lore come la storia della storia, ci\u00f2 che d\u00e0 coerenza e sostiene l\u2019\u00abadesso\u00bb.<\/p>\n\n\n\n<p>L\u2019obiettivo di questo ciclo sar\u00e0 elaborare un Lore comune tra tutti i gruppi e i partecipanti dei laboratori. <\/p>\n\n\n\n<p><strong>Sar\u00e0 davvero molto bello!<\/strong><\/p>\n\n\n\n<p>\ud83d\udccdPresso Sociedad Italiana Correa (Correa, Santa Fe, Argentina).<\/p>\n\n\n\n<figure class=\"wp-block-image size-full is-resized\"><a href=\"https:\/\/www.instagram.com\/tallerestintoretto\/\" target=\"_blank\" rel=\" noreferrer noopener\"><img loading=\"lazy\" decoding=\"async\" width=\"890\" height=\"334\" src=\"https:\/\/diegobaigorri.com\/wp-assets\/uploads\/sites\/12\/2026\/05\/instagram-boton-01b.jpg\" alt=\"Segui il processo su Instagram!\" class=\"wp-image-10418\" style=\"aspect-ratio:2.9020121053492556;width:211px;height:auto\" title=\"Segui il processo su Instagram!\" srcset=\"https:\/\/diegobaigorri.com\/wp-assets\/uploads\/sites\/12\/2026\/05\/instagram-boton-01b.jpg 890w, https:\/\/diegobaigorri.com\/wp-assets\/uploads\/sites\/12\/2026\/05\/instagram-boton-01b-300x113.jpg 300w, https:\/\/diegobaigorri.com\/wp-assets\/uploads\/sites\/12\/2026\/05\/instagram-boton-01b-768x288.jpg 768w\" sizes=\"auto, (max-width: 890px) 100vw, 890px\" \/><\/a><\/figure>\n<\/div>\n\n\n\n<div class=\"wp-block-column is-layout-flow wp-block-column-is-layout-flow\" style=\"flex-basis:33%\"><div class=\"wp-block-image is-style-default\">\n<figure class=\"alignleft size-full\"><img loading=\"lazy\" decoding=\"async\" width=\"483\" height=\"460\" src=\"https:\/\/diegobaigorri.com\/wp-assets\/uploads\/sites\/12\/2026\/05\/2026_jac_lor_01-1.jpg\" alt=\"\" class=\"wp-image-10367\" srcset=\"https:\/\/diegobaigorri.com\/wp-assets\/uploads\/sites\/12\/2026\/05\/2026_jac_lor_01-1.jpg 483w, https:\/\/diegobaigorri.com\/wp-assets\/uploads\/sites\/12\/2026\/05\/2026_jac_lor_01-1-300x286.jpg 300w\" sizes=\"auto, (max-width: 483px) 100vw, 483px\" \/><\/figure>\n<\/div>\n\n\n<p class=\"has-text-align-center has-small-font-size\"><\/p>\n<\/div>\n\n\n\n<div class=\"wp-block-column is-layout-flow wp-block-column-is-layout-flow\"><\/div>\n<\/div>\n<\/div>\n<\/div>\n\n\n\n<div class=\"wp-block-columns is-layout-flex wp-container-core-columns-is-layout-9d6595d7 wp-block-columns-is-layout-flex\">\n<div class=\"wp-block-column is-layout-flow wp-block-column-is-layout-flow\"><\/div>\n\n\n\n<div class=\"wp-block-column contenido_ochenta is-layout-flow wp-block-column-is-layout-flow\" style=\"flex-basis:90%\">\n<hr class=\"wp-block-separator has-alpha-channel-opacity cien\" \/>\n<\/div>\n\n\n\n<div class=\"wp-block-column is-layout-flow wp-block-column-is-layout-flow\"><\/div>\n<\/div>\n\n\n\n<div class=\"wp-block-columns contenido_noventa is-layout-flex wp-container-core-columns-is-layout-9d6595d7 wp-block-columns-is-layout-flex\">\n<div class=\"wp-block-column contenido_noventa is-layout-flow wp-block-column-is-layout-flow\" style=\"flex-basis:100%\">\n<div class=\"wp-block-columns contenido_ochenta is-layout-flex wp-container-core-columns-is-layout-9d6595d7 wp-block-columns-is-layout-flex\">\n<div class=\"wp-block-column is-layout-flow wp-block-column-is-layout-flow\"><\/div>\n\n\n\n<div class=\"wp-block-column is-layout-flow wp-block-column-is-layout-flow\" style=\"flex-basis:33%\"><div class=\"wp-block-image is-style-default\">\n<figure class=\"alignleft size-full\"><img loading=\"lazy\" decoding=\"async\" width=\"569\" height=\"541\" src=\"https:\/\/diegobaigorri.com\/wp-assets\/uploads\/sites\/12\/2025\/12\/2025_12_jac_back_pin-1.jpg\" alt=\"\" class=\"wp-image-9854\" srcset=\"https:\/\/diegobaigorri.com\/wp-assets\/uploads\/sites\/12\/2025\/12\/2025_12_jac_back_pin-1.jpg 569w, https:\/\/diegobaigorri.com\/wp-assets\/uploads\/sites\/12\/2025\/12\/2025_12_jac_back_pin-1-300x285.jpg 300w\" sizes=\"auto, (max-width: 569px) 100vw, 569px\" \/><\/figure>\n<\/div><\/div>\n\n\n\n<div class=\"wp-block-column is-layout-flow wp-block-column-is-layout-flow\" style=\"flex-basis:50%\">\n<div style=\"height:40px\" aria-hidden=\"true\" class=\"wp-block-spacer\"><\/div>\n\n\n\n<p><strong>Il Laboratorio d&#8217;Arte Tintoretto<\/strong> (aka Talleres Tintoretto) \u00e8 uno spazio che cerca di offrire strumenti per permettere ai partecipanti di esprimere le proprie emozioni attraverso l&#8217;arte. Come mi piace dire, cerchiamo di creare dei \u00abriti di significazione\u00bb, di interpretazione del mondo. Intendiamo con questo la possibilit\u00e0 di esprimere ci\u00f2 che ci accade, cercando di prevenire o attenuare risposte pi\u00f9 primitive, come la violenza o l&#8217;ansia. Attenzione: primitive in senso temporale, non gerarchico.<\/p>\n\n\n\n<p class=\"has-text-align-left has-small-font-size\">Leggi \u00bb <a href=\"https:\/\/tallerestintoretto.com\/labs\/it\/tintoretto\/\" data-type=\"page\" data-id=\"8757\">Perch\u00e9 Tintoretto?\ud83e\udd14<\/a><\/p>\n<\/div>\n\n\n\n<div class=\"wp-block-column is-layout-flow wp-block-column-is-layout-flow\"><\/div>\n<\/div>\n\n\n\n<div style=\"height:20px\" aria-hidden=\"true\" class=\"wp-block-spacer\"><\/div>\n\n\n\n<div class=\"wp-block-columns are-vertically-aligned-top contenido_ochenta is-layout-flex wp-container-core-columns-is-layout-9d6595d7 wp-block-columns-is-layout-flex\">\n<div class=\"wp-block-column is-layout-flow wp-block-column-is-layout-flow\"><\/div>\n\n\n\n<div class=\"wp-block-column is-vertically-aligned-top is-layout-flow wp-block-column-is-layout-flow\" style=\"flex-basis:40%\">\n<ul class=\"wp-block-list\">\n<li><strong>Nulla si costruisce da solo.<\/strong><\/li>\n\n\n\n<li>Senza chi arriva, non c\u2019\u00e8 incontro.<\/li>\n\n\n\n<li>Senza chi fa domande, non c\u2019\u00e8 risposta.<\/li>\n\n\n\n<li>Senza chi cerca, non c\u2019\u00e8 scoperta.<\/li>\n\n\n\n<li>Senza chi immagina, non c\u2019\u00e8 futuro.<\/li>\n<\/ul>\n<\/div>\n\n\n\n<div class=\"wp-block-column is-vertically-aligned-top is-layout-flow wp-block-column-is-layout-flow\" style=\"flex-basis:50%\">\n<p><strong>Concepiamo l\u2019arte come attualit\u00e0, come mezzo per esprimere e riconoscere il nostro presente. <\/strong>Le proposte del laboratorio cercano di situarsi in ogni incontro, in ogni momento, in ogni luogo e con ogni partecipante. A Tintoretto, impariamo tutti da tutti, dando forma insieme allo spazio espressivo che abitiamo.<\/p>\n\n\n\n<p><strong><strong>A Tintoretto, impariamo tutti da tutti, dando forma insieme allo spazio espressivo che abitiamo.<\/strong><\/strong><\/p>\n\n\n\n<p class=\"has-text-align-left has-small-font-size\"><strong>Leggi <\/strong>\u00bb <a href=\"https:\/\/tallerestintoretto.com\/labs\/it\/manifesto\/\" data-type=\"page\" data-id=\"8760\">Manifesto di Laboratorio d\u2019Arte Tintoretto<\/a><\/p>\n<\/div>\n\n\n\n<div class=\"wp-block-column is-layout-flow wp-block-column-is-layout-flow\"><\/div>\n<\/div>\n\n\n\n<div class=\"wp-block-columns is-layout-flex wp-container-core-columns-is-layout-9d6595d7 wp-block-columns-is-layout-flex\">\n<div class=\"wp-block-column is-layout-flow wp-block-column-is-layout-flow\"><\/div>\n\n\n\n<div class=\"wp-block-column is-layout-flow wp-block-column-is-layout-flow\" style=\"flex-basis:80%\">\n<hr class=\"wp-block-separator has-alpha-channel-opacity cien\" \/>\n<\/div>\n\n\n\n<div class=\"wp-block-column is-layout-flow wp-block-column-is-layout-flow\"><\/div>\n<\/div>\n\n\n\n<div style=\"height:10px\" aria-hidden=\"true\" class=\"wp-block-spacer\"><\/div>\n\n\n\n<p class=\"has-text-align-center contenido_ochenta has-large-font-size\"><strong>Perch\u00e9 esista una comunit\u00e0, ci deve essere <strong>impegno<\/strong><\/strong><\/p>\n\n\n\n<div style=\"height:29px\" aria-hidden=\"true\" class=\"wp-block-spacer\"><\/div>\n\n\n\n<div class=\"wp-block-columns contenido_ochenta is-layout-flex wp-container-core-columns-is-layout-9d6595d7 wp-block-columns-is-layout-flex\">\n<div class=\"wp-block-column is-layout-flow wp-block-column-is-layout-flow\" style=\"flex-basis:50%\">\n<p><strong>L\u2019impegno \u00e8 qualcosa di molto importante per noi<\/strong>: crediamo profondamente che, per far nascere una comunit\u00e0, sia fondamentale il coinvolgimento.<\/p>\n\n\n\n<p><strong>Tintoretto \u00e8 comunit\u00e0<\/strong>. Questo si riflette nella piena rilevanza dei suoi membri, anche nella preparazione dei contenuti, pensati a partire da ci\u00f2 che ogni \u00abtintorettino\u00bb pu\u00f2 offrire \u2014 sia in termini di atteggiamento che di conoscenze \u2014 cercando prima di tutto lo scambio e il dialogo tra pari. Abbiamo inoltre coinvolto anche le persone vicine ai partecipanti, ad esempio attraverso stimoli visivi, sonori o la partecipazione sui social.<\/p>\n<\/div>\n\n\n\n<div class=\"wp-block-column is-layout-flow wp-block-column-is-layout-flow\" style=\"flex-basis:50%\">\n<p>L\u2019importanza dell\u2019individuo e del gruppo, dell\u2019ambiente, della comunit\u00e0: le influenze reciproche tra uno e l\u2019altro. Tutto questo \u00e8 fondamentale per le tematiche che affrontiamo. Cos\u00ec anche lo spazio che andremo ad abitare insieme, interrogandoci: com\u2019\u00e8? Come lo abitiamo? Come lo trasformiamo? Lo custodiamo? Siamo soli, dentro di esso? Lo condividiamo? Lasciamo spazio agli altri?<\/p>\n\n\n\n<p><strong>Ci stiamo parlando!<\/strong><\/p>\n\n\n\n<p class=\"has-text-align-right\"><a href=\"https:\/\/www.instagram.com\/tallerestintoretto\/\">Seguici su Instagram<\/a><\/p>\n<\/div>\n<\/div>\n\n\n<div class=\"wp-block-image\">\n<figure class=\"aligncenter size-full is-resized\"><img loading=\"lazy\" decoding=\"async\" width=\"429\" height=\"416\" src=\"https:\/\/diegobaigorri.com\/wp-assets\/uploads\/sites\/12\/2025\/12\/2025_12_jac_pin-2.jpg\" alt=\"\" class=\"wp-image-9846\" style=\"aspect-ratio:1.0313477110558806;object-fit:cover;width:190px\" srcset=\"https:\/\/diegobaigorri.com\/wp-assets\/uploads\/sites\/12\/2025\/12\/2025_12_jac_pin-2.jpg 429w, https:\/\/diegobaigorri.com\/wp-assets\/uploads\/sites\/12\/2025\/12\/2025_12_jac_pin-2-300x291.jpg 300w\" sizes=\"auto, (max-width: 429px) 100vw, 429px\" \/><\/figure>\n<\/div>\n\n\n<div style=\"height:45px\" aria-hidden=\"true\" class=\"wp-block-spacer\"><\/div>\n\n\n\n<p class=\"has-text-align-center contenido_ochenta has-medium-font-size\"><strong>Nel 2024 inizieremo a creare i nostri <strong>strumenti creativi<\/strong>, sia in versione digitale che analogica, per fare in modo che nessuno rimanga escluso.<\/strong><\/p>\n\n\n\n<p class=\"has-text-align-center contenido_ochenta has-medium-font-size\">Speriamo di poter offrire presto un accesso pubblico e gratuito<\/p>\n<\/div>\n<\/div>\n\n\n\n<div class=\"wp-block-columns is-layout-flex wp-container-core-columns-is-layout-9d6595d7 wp-block-columns-is-layout-flex\">\n<div class=\"wp-block-column is-layout-flow wp-block-column-is-layout-flow\"><\/div>\n\n\n\n<div class=\"wp-block-column contenido_ochenta is-layout-flow wp-block-column-is-layout-flow\" style=\"flex-basis:80%\">\n<hr class=\"wp-block-separator has-alpha-channel-opacity cien\" \/>\n<\/div>\n\n\n\n<div class=\"wp-block-column is-layout-flow wp-block-column-is-layout-flow\"><\/div>\n<\/div>\n\n\n\n<h3 class=\"wp-block-heading has-text-align-center contenido_noventa\">Edizioni precedenti<\/h3>\n\n\n\n<figure class=\"wp-block-gallery has-nested-images columns-2 is-cropped contenido wp-block-gallery-1 is-layout-flex wp-block-gallery-is-layout-flex\">\n<figure class=\"wp-block-image size-full\"><a href=\"https:\/\/tallerestintoretto.com\/labs\/es\/ediciones\/talleres2025\/\"><img loading=\"lazy\" decoding=\"async\" width=\"829\" height=\"507\" data-id=\"10063\" src=\"https:\/\/diegobaigorri.com\/wp-assets\/uploads\/sites\/12\/2025\/12\/tall_2025-2.jpg\" alt=\"\" class=\"wp-image-10063\" srcset=\"https:\/\/diegobaigorri.com\/wp-assets\/uploads\/sites\/12\/2025\/12\/tall_2025-2.jpg 829w, https:\/\/diegobaigorri.com\/wp-assets\/uploads\/sites\/12\/2025\/12\/tall_2025-2-300x183.jpg 300w, https:\/\/diegobaigorri.com\/wp-assets\/uploads\/sites\/12\/2025\/12\/tall_2025-2-768x470.jpg 768w\" sizes=\"auto, (max-width: 829px) 100vw, 829px\" \/><\/a><\/figure>\n\n\n\n<figure class=\"wp-block-image size-full\"><a href=\"https:\/\/tallerestintoretto.com\/labs\/es\/ediciones\/talleres2024\/\"><img loading=\"lazy\" decoding=\"async\" width=\"829\" height=\"507\" data-id=\"7673\" src=\"https:\/\/diegobaigorri.com\/wp-assets\/uploads\/sites\/12\/2024\/12\/tall_2024.jpg\" alt=\"\" class=\"wp-image-7673\" srcset=\"https:\/\/diegobaigorri.com\/wp-assets\/uploads\/sites\/12\/2024\/12\/tall_2024.jpg 829w, https:\/\/diegobaigorri.com\/wp-assets\/uploads\/sites\/12\/2024\/12\/tall_2024-300x183.jpg 300w, https:\/\/diegobaigorri.com\/wp-assets\/uploads\/sites\/12\/2024\/12\/tall_2024-768x470.jpg 768w\" sizes=\"auto, (max-width: 829px) 100vw, 829px\" \/><\/a><\/figure>\n<\/figure>\n\n\n\n<div class=\"wp-block-columns is-layout-flex wp-container-core-columns-is-layout-9d6595d7 wp-block-columns-is-layout-flex\">\n<div class=\"wp-block-column is-layout-flow wp-block-column-is-layout-flow\"><\/div>\n\n\n\n<div class=\"wp-block-column is-vertically-aligned-center texto_centrado is-layout-flow wp-block-column-is-layout-flow\" style=\"flex-basis:33%\">\n<p class=\"has-text-align-center boton chico borde_celeste\"><a href=\"#cierre\"><\/a><a href=\"https:\/\/tallerestintoretto.com\/labs\/it\/edizioni\/\" data-type=\"page\" data-id=\"8767\">EDIZIONI PRECEDENTE (ES)<\/a><\/p>\n<\/div>\n\n\n\n<div class=\"wp-block-column is-layout-flow wp-block-column-is-layout-flow\"><\/div>\n<\/div>\n\n\n<div class=\"wp-block-image\">\n<figure class=\"aligncenter size-full is-resized\"><img loading=\"lazy\" decoding=\"async\" width=\"417\" height=\"468\" src=\"https:\/\/diegobaigorri.com\/wp-assets\/uploads\/sites\/12\/2025\/12\/2025_12_jac_dipl.jpg\" alt=\"\" class=\"wp-image-9848\" style=\"width:190px\" srcset=\"https:\/\/diegobaigorri.com\/wp-assets\/uploads\/sites\/12\/2025\/12\/2025_12_jac_dipl.jpg 417w, https:\/\/diegobaigorri.com\/wp-assets\/uploads\/sites\/12\/2025\/12\/2025_12_jac_dipl-267x300.jpg 267w\" sizes=\"auto, (max-width: 417px) 100vw, 417px\" \/><\/figure>\n<\/div>\n\n\n<div class=\"wp-block-columns contenido_noventa is-layout-flex wp-container-core-columns-is-layout-9d6595d7 wp-block-columns-is-layout-flex\">\n<div class=\"wp-block-column is-layout-flow wp-block-column-is-layout-flow\" style=\"flex-basis:33.34%\"><\/div>\n\n\n\n<div class=\"wp-block-column is-layout-flow wp-block-column-is-layout-flow\" style=\"flex-basis:80%\">\n<div style=\"height:34px\" aria-hidden=\"true\" class=\"wp-block-spacer\"><\/div>\n\n\n\n<p class=\"has-text-align-center recuadro_azul contenido_noventa\"><strong>PROPOSTA: <\/strong><a href=\"https:\/\/tallerestintoretto.com\/labs\/it\/emozioni\/\" data-type=\"page\" data-id=\"8743\">L\u2019ARTE COME VEICOLO DI EMOZIONI<\/a><\/p>\n\n\n\n<hr class=\"wp-block-separator has-alpha-channel-opacity cien\" \/>\n\n\n\n<h3 class=\"wp-block-heading\" id=\"coordinador\"><strong>Sul coordinatore<\/strong><\/h3>\n\n\n\n<p><strong>Diego Baigorri (Argentina, 1984)<\/strong>. Fin da bambino ha sviluppato la sua creativit\u00e0 attraverso il disegno, la musica, la letteratura e la programmazione, realizzando le sue prime mostre artistiche, pubblicazioni grafiche e applicazioni informatiche in giovane et\u00e0. Le sue opere pittoriche sono state esposte e incluse in cataloghi locali e fiere internazionali a Parigi, New York, Londra, Roma, Barcellona, Dubai e in altre citt\u00e0.<\/p>\n\n\n\n<p><strong>&gt; Link:<\/strong>&nbsp;<a href=\"https:\/\/diegobaigorri.com\/\">Sitio<\/a> |&nbsp;<a href=\"https:\/\/diegobaigorri.com\/arte\/\">Dossier<\/a> |&nbsp;<a href=\"https:\/\/diegobaigorri.com\/arte\/exposiciones\/\">Mostre<\/a><\/p>\n\n\n\n<figure class=\"wp-block-image size-large\"><img loading=\"lazy\" decoding=\"async\" width=\"1024\" height=\"304\" src=\"https:\/\/diegobaigorri.com\/wp-assets\/uploads\/sites\/12\/2024\/06\/img_tall_02-1-1024x304.jpg\" alt=\"\" class=\"wp-image-6854\" srcset=\"https:\/\/diegobaigorri.com\/wp-assets\/uploads\/sites\/12\/2024\/06\/img_tall_02-1-1024x304.jpg 1024w, https:\/\/diegobaigorri.com\/wp-assets\/uploads\/sites\/12\/2024\/06\/img_tall_02-1-300x89.jpg 300w, https:\/\/diegobaigorri.com\/wp-assets\/uploads\/sites\/12\/2024\/06\/img_tall_02-1-768x228.jpg 768w, https:\/\/diegobaigorri.com\/wp-assets\/uploads\/sites\/12\/2024\/06\/img_tall_02-1.jpg 1488w\" sizes=\"auto, (max-width: 1024px) 100vw, 1024px\" \/><\/figure>\n<\/div>\n\n\n\n<div class=\"wp-block-column is-layout-flow wp-block-column-is-layout-flow\" style=\"flex-basis:33.33%\"><\/div>\n<\/div>\n\n\n\n<p class=\"has-text-align-center has-medium-font-size\"><a href=\"https:\/\/tallerestintoretto.com\/labs\/it\/mappa\/\" data-type=\"page\" data-id=\"8988\"><strong>Mappa del sito<\/strong><\/a><\/p>\n","protected":false},"excerpt":{"rendered":"<p>versi\u00f3n en espa\u00f1ol \u00bb [\ud83c\uddea\ud83c\uddf8] TINTORETTO Laboratorio d&#8217;Arte Proposta 2026:TINTORETTO \u00abLORE\u00bb Tintoretto \u00abLore\u00bb \u00e8 la nuova proposta dei laboratori per il 2026. Definiamo il Lore come la storia della storia, ci\u00f2 che d\u00e0 coerenza e sostiene l\u2019\u00abadesso\u00bb. L\u2019obiettivo di questo ciclo sar\u00e0 elaborare un Lore comune tra tutti i gruppi e i partecipanti dei laboratori. [&hellip;]<\/p>\n","protected":false},"author":96739695,"featured_media":6655,"parent":0,"menu_order":0,"comment_status":"closed","ping_status":"closed","template":"page-templates\/template-tintoretto_home.php","meta":{"footnotes":""},"class_list":["post-8719","page","type-page","status-publish","has-post-thumbnail","hentry"],"_links":{"self":[{"href":"https:\/\/tallerestintoretto.com\/labs\/wp-json\/wp\/v2\/pages\/8719","targetHints":{"allow":["GET"]}}],"collection":[{"href":"https:\/\/tallerestintoretto.com\/labs\/wp-json\/wp\/v2\/pages"}],"about":[{"href":"https:\/\/tallerestintoretto.com\/labs\/wp-json\/wp\/v2\/types\/page"}],"author":[{"embeddable":true,"href":"https:\/\/tallerestintoretto.com\/labs\/wp-json\/wp\/v2\/users\/96739695"}],"replies":[{"embeddable":true,"href":"https:\/\/tallerestintoretto.com\/labs\/wp-json\/wp\/v2\/comments?post=8719"}],"version-history":[{"count":91,"href":"https:\/\/tallerestintoretto.com\/labs\/wp-json\/wp\/v2\/pages\/8719\/revisions"}],"predecessor-version":[{"id":10425,"href":"https:\/\/tallerestintoretto.com\/labs\/wp-json\/wp\/v2\/pages\/8719\/revisions\/10425"}],"wp:featuredmedia":[{"embeddable":true,"href":"https:\/\/tallerestintoretto.com\/labs\/wp-json\/wp\/v2\/media\/6655"}],"wp:attachment":[{"href":"https:\/\/tallerestintoretto.com\/labs\/wp-json\/wp\/v2\/media?parent=8719"}],"curies":[{"name":"wp","href":"https:\/\/api.w.org\/{rel}","templated":true}]}}