{"id":6848,"date":"2024-06-19T14:00:36","date_gmt":"2024-06-19T12:00:36","guid":{"rendered":"https:\/\/tallerestintoretto.com\/lab\/?page_id=6848"},"modified":"2025-12-20T17:05:35","modified_gmt":"2025-12-20T20:05:35","slug":"emociones","status":"publish","type":"page","link":"https:\/\/tallerestintoretto.com\/labs\/es\/emociones\/","title":{"rendered":"El arte como conductor de emociones"},"content":{"rendered":"\n<p class=\"has-text-align-center\">versione italiana \u00bb<a href=\"https:\/\/tallerestintoretto.com\/labs\/it\/emozioni\/\" data-type=\"page\" data-id=\"8743\">[ \ud83c\uddee\ud83c\uddf9 ]<\/a><\/p>\n\n\n\n<div class=\"wp-block-group tabla_de_contenidos has-background\" style=\"background-color:#eeeeee\"><div class=\"wp-block-group__inner-container is-layout-constrained wp-block-group-is-layout-constrained\">\n<h4 class=\"wp-block-heading\">Tabla de contenidos<\/h4>\n\n\n\n<ul class=\"wp-block-list\">\n<li><a href=\"#propuesta\">El arte como conductor de emociones<\/a>\n<ul class=\"wp-block-list\">\n<li><a href=\"#fundamentacion\">Fundamentaci\u00f3n<\/a><\/li>\n\n\n\n<li><a href=\"#objetivo\">Objetivo<\/a><\/li>\n\n\n\n<li><a href=\"#metodologia\">Metodolog\u00eda<\/a><\/li>\n\n\n\n<li><a href=\"#otros\">Otras consideraciones<\/a><\/li>\n\n\n\n<li><a href=\"#analisis\">Evaluaci\u00f3n<\/a><\/li>\n\n\n\n<li><a href=\"#exposicion\">Exposici\u00f3n<\/a><\/li>\n<\/ul>\n<\/li>\n\n\n\n<li><a href=\"#coordinador\">Coordinador<\/a><\/li>\n<\/ul>\n<\/div><\/div>\n\n\n\n<hr class=\"wp-block-separator has-alpha-channel-opacity\" \/>\n\n\n\n<p class=\"recuadro_azul\"><strong>Nota preliminar.<\/strong> La cantidad y los contenidos de los encuentros, as\u00ed como las actividades propuestas, pueden adaptarse a recorridos m\u00e1s breves, encuentros ocasionales, quincenales, mensuales o incluso a experiencias puntuales. <strong>La propuesta que sigue, pensada para un ciclo anual completo, se basa en la experiencia desarrollada en 2022.<\/strong><\/p>\n\n\n\n<p><strong>&gt; Ver ediciones<\/strong>: <a href=\"https:\/\/tallerestintoretto.com\/labs\/es\/ediciones\/talleres2022\/\" data-type=\"page\" data-id=\"6794\">2022<\/a> | <a href=\"https:\/\/tallerestintoretto.com\/labs\/es\/ediciones\/talleres2023\/\" data-type=\"page\" data-id=\"5897\">2023<\/a> | <a href=\"https:\/\/tallerestintoretto.com\/labs\/es\/ediciones\/talleres2024\/\" data-type=\"page\" data-id=\"7553\">2024<\/a> | <a href=\"https:\/\/tallerestintoretto.com\/labs\/es\/ediciones\/talleres2025\/\" data-type=\"page\" data-id=\"7553\">2025<\/a><\/p>\n\n\n\n<div style=\"height:25px\" aria-hidden=\"true\" class=\"wp-block-spacer\"><\/div>\n\n\n\n<h2 class=\"wp-block-heading\" id=\"propuesta\">Tintoretto, el arte como conductor de emociones<\/h2>\n\n\n\n<h3 class=\"wp-block-heading\">Propuesta<\/h3>\n\n\n\n<hr class=\"wp-block-separator has-alpha-channel-opacity\" \/>\n\n\n\n<p><strong>Sobre los asistentes<\/strong><\/p>\n\n\n\n<p>En una primera etapa los talleres estar\u00e1n abiertos a ni\u00f1os y ni\u00f1as de entre 7 y 12 a\u00f1os [tercero hasta s\u00e9ptimo grado de primaria].<\/p>\n\n\n\n<figure class=\"wp-block-image size-large\"><img loading=\"lazy\" decoding=\"async\" width=\"1024\" height=\"541\" src=\"https:\/\/diegobaigorri.com\/wp-assets\/uploads\/sites\/12\/2024\/06\/img_tall_soc_asist_01-1024x541.jpg\" alt=\"\" class=\"wp-image-6849\" srcset=\"https:\/\/diegobaigorri.com\/wp-assets\/uploads\/sites\/12\/2024\/06\/img_tall_soc_asist_01-1024x541.jpg 1024w, https:\/\/diegobaigorri.com\/wp-assets\/uploads\/sites\/12\/2024\/06\/img_tall_soc_asist_01-300x158.jpg 300w, https:\/\/diegobaigorri.com\/wp-assets\/uploads\/sites\/12\/2024\/06\/img_tall_soc_asist_01-768x405.jpg 768w, https:\/\/diegobaigorri.com\/wp-assets\/uploads\/sites\/12\/2024\/06\/img_tall_soc_asist_01.jpg 1199w\" sizes=\"auto, (max-width: 1024px) 100vw, 1024px\" \/><figcaption class=\"wp-element-caption\">\u00a1Individuos creativos en acci\u00f3n! (Correa, 2022).<br><br><\/figcaption><\/figure>\n\n\n\n<h3 class=\"wp-block-heading\" id=\"fundamentacion\">Fundamentaci\u00f3n<\/h3>\n\n\n\n<p>Consideramos que nuestro modo de vida, con la inmediatez de los dispositivos como bandera, nos lleva a asimilar de forma apresurada nuestra individualidad. El alto grado de circulaci\u00f3n y acceso a realidades virtuales, en ocasiones dis\u00edmiles a la propia, y la aceleraci\u00f3n de est\u00edmulos que de ella deriva, puede manifestarse en incompatibilidades o frustraciones que construyen un arduo puente entre nuestra persona y nuestra realidad cotidiana.<\/p>\n\n\n\n<p>Creemos que, realizar y comprender al arte como mediador y conductor de emociones, podr\u00eda ayudarnos a expresar estas incompatibilidades, reduciendo as\u00ed su carga y tensi\u00f3n emocional. Para ello, en cada uno de nuestros encuentros, intentaremos acercarnos a una vivencia y producci\u00f3n art\u00edstica personal pero no solitaria, abordando, a su vez, un extenso n\u00famero de conceptos, tales como: formas, rostro, proporciones, intervenci\u00f3n, perspectiva, claroscuro, color, mezcla, armon\u00eda, composici\u00f3n.<\/p>\n\n\n\n<p>As\u00ed, no buscaremos alcanzar la conceptualizaci\u00f3n art\u00edstica solamente desde la t\u00e9cnica, sino, tambi\u00e9n y principalmente, desde un plano espitemol\u00f3gico y, por momentos, filos\u00f3fico. \u00abEl movimiento se demuestra andando\u00bb, dijo Di\u00f3genes.<\/p>\n\n\n\n<figure class=\"wp-block-image size-large\"><img loading=\"lazy\" decoding=\"async\" width=\"1024\" height=\"577\" src=\"https:\/\/diegobaigorri.com\/wp-assets\/uploads\/sites\/12\/2024\/06\/img_tall_soc_asist_02-1-1024x577.jpg\" alt=\"\" class=\"wp-image-6850\" srcset=\"https:\/\/diegobaigorri.com\/wp-assets\/uploads\/sites\/12\/2024\/06\/img_tall_soc_asist_02-1-1024x577.jpg 1024w, https:\/\/diegobaigorri.com\/wp-assets\/uploads\/sites\/12\/2024\/06\/img_tall_soc_asist_02-1-300x169.jpg 300w, https:\/\/diegobaigorri.com\/wp-assets\/uploads\/sites\/12\/2024\/06\/img_tall_soc_asist_02-1-768x433.jpg 768w, https:\/\/diegobaigorri.com\/wp-assets\/uploads\/sites\/12\/2024\/06\/img_tall_soc_asist_02-1.jpg 1200w\" sizes=\"auto, (max-width: 1024px) 100vw, 1024px\" \/><figcaption class=\"wp-element-caption\">\u00a1Individuos creativos en acci\u00f3n! (Correa, 2022).<br><br><\/figcaption><\/figure>\n\n\n\n<h3 class=\"wp-block-heading\" id=\"objetivo\">Objetivo<\/h3>\n\n\n\n<p>Primero creemos necesario plantear cuales&nbsp;no ser\u00e1n los objetivos:<\/p>\n\n\n\n<ul class=\"wp-block-list\">\n<li>Si bien no se descarta avanzar en dicho aspecto, no ser\u00e1 objetivo de esta propuesta un aprendizaje acad\u00e9mico: en los tiempos que corren, existen numerosos tutoriales en la red que se pueden seguir para llegar a determinados objetivos t\u00e9cnicos.<\/li>\n\n\n\n<li>Tampoco ser\u00e1 un espacio donde las producciones de los asistentes sean remitidas, directamente, a valoraciones o evaluaciones est\u00e9ticas; creo que la manifestaci\u00f3n de este tipo de valoraciones, muchas veces, genera un rechazo de parte del productor para con su propia obra, provocando incluso una merma en el inter\u00e9s por la actividad.<\/li>\n<\/ul>\n\n\n\n<p><span style=\"text-decoration: underline\">Nuestro objetivo ser\u00e1<\/span>&nbsp;generar un espacio donde los asistentes puedan manifestar sus emociones e inquietudes a trav\u00e9s del pensamiento reflexivo-expresivo plasmado en el acto art\u00edstico-creativo. Consideramos muy importante iniciar la participaci\u00f3n en los talleres dejando claro que no es necesario&nbsp;<em>dibujar bien<\/em>&nbsp;para participar de los mismos.<\/p>\n\n\n\n<figure class=\"wp-block-image size-full\"><img loading=\"lazy\" decoding=\"async\" width=\"1000\" height=\"444\" src=\"https:\/\/diegobaigorri.com\/wp-assets\/uploads\/sites\/12\/2024\/06\/img_tall_soc_material_02-difusion.jpg\" alt=\"\" class=\"wp-image-6851\" srcset=\"https:\/\/diegobaigorri.com\/wp-assets\/uploads\/sites\/12\/2024\/06\/img_tall_soc_material_02-difusion.jpg 1000w, https:\/\/diegobaigorri.com\/wp-assets\/uploads\/sites\/12\/2024\/06\/img_tall_soc_material_02-difusion-300x133.jpg 300w, https:\/\/diegobaigorri.com\/wp-assets\/uploads\/sites\/12\/2024\/06\/img_tall_soc_material_02-difusion-768x341.jpg 768w\" sizes=\"auto, (max-width: 1000px) 100vw, 1000px\" \/><figcaption class=\"wp-element-caption\">Material de difusi\u00f3n del taller (Correa, 2022).<br><\/figcaption><\/figure>\n\n\n\n<p><strong>&gt; Redes:<\/strong> <a href=\"https:\/\/www.instagram.com\/stories\/highlights\/17960614082757377\/\" target=\"_blank\" rel=\"noreferrer noopener\">Resumen 2022<\/a> | <a href=\"https:\/\/www.instagram.com\/stories\/highlights\/17884932627045529\/\" target=\"_blank\" rel=\"noreferrer noopener\">Resumen 2023<\/a><\/p>\n\n\n\n<hr class=\"wp-block-separator has-alpha-channel-opacity\" \/>\n\n\n\n<h3 class=\"wp-block-heading\" id=\"metodologia\">Metodolog\u00eda<\/h3>\n\n\n\n<p>Se planificar\u00e1n un total de 32 jornadas (16 haciendo \u00e9nfasis en el dibujo y otras tantas en la pintura y\/o color). As\u00ed mismo, el n\u00famero de encuentros se podr\u00e1 adaptar a las propuestas y necesidades de los diferentes grupos o percepci\u00f3n del coordinador.<\/p>\n\n\n\n<p>Cada encuentro contar\u00e1 con una duraci\u00f3n estimada de dos horas cada una y referir\u00e1 a una tem\u00e1tica particular, propuesta por el coordinador o los mismos asistentes, sin restricciones particulares de abordaje.<\/p>\n\n\n\n<p>A lo largo de cada jornada intentaremos trabajar, de forma grupal o individual, pero no aislada, dos espacios:<\/p>\n\n\n\n<ul class=\"wp-block-list\">\n<li>intercambio de ideas y conceptos<\/li>\n\n\n\n<li>producci\u00f3n<\/li>\n<\/ul>\n\n\n\n<p>En el primer espacio, vamos a hacer una puesta en com\u00fan, generalmente mediados con alg\u00fan soporte t\u00e9cnico-digital. Seg\u00fan el caso, podremos compartir: diapositivas, videos, m\u00fasica, ilustraciones, obras de arte, fotos, producciones de los mismos asistentes. El contenido podr\u00e1 ser recomendado por ellos y se pondr\u00e1 especial atenci\u00f3n en la adecuaci\u00f3n con respecto a la edad de los asistentes.<\/p>\n\n\n\n<p>En el segundo espacio, ser\u00e1 alentada la producci\u00f3n de bocetos e ideas como estudio sin necesidad de&nbsp;<em>verse<\/em>&nbsp;como una obra terminada u obligaci\u00f3n de presentarlas como obras terminadas. Se enfatizar\u00e1 la concepci\u00f3n de&nbsp;<em>desarrollos no esperados<\/em>&nbsp;por el asistente como aprendizaje creativo y t\u00e9cnico.<\/p>\n\n\n\n<figure class=\"wp-block-image size-large\"><img loading=\"lazy\" decoding=\"async\" width=\"1024\" height=\"519\" src=\"https:\/\/diegobaigorri.com\/wp-assets\/uploads\/sites\/12\/2024\/06\/img_tall_soc_material_03-didactico-1024x519.jpg\" alt=\"\" class=\"wp-image-6852\" srcset=\"https:\/\/diegobaigorri.com\/wp-assets\/uploads\/sites\/12\/2024\/06\/img_tall_soc_material_03-didactico-1024x519.jpg 1024w, https:\/\/diegobaigorri.com\/wp-assets\/uploads\/sites\/12\/2024\/06\/img_tall_soc_material_03-didactico-300x152.jpg 300w, https:\/\/diegobaigorri.com\/wp-assets\/uploads\/sites\/12\/2024\/06\/img_tall_soc_material_03-didactico-768x389.jpg 768w, https:\/\/diegobaigorri.com\/wp-assets\/uploads\/sites\/12\/2024\/06\/img_tall_soc_material_03-didactico.jpg 1201w\" sizes=\"auto, (max-width: 1024px) 100vw, 1024px\" \/><figcaption class=\"wp-element-caption\">Material enviado al finalizar los encuentros (2022).<br><\/figcaption><\/figure>\n\n\n\n<h3 class=\"wp-block-heading\" id=\"otros\">Otras consideraciones<\/h3>\n\n\n\n<p>Si bien podremos referir materiales, intentaremos adaptarnos a la posibilidad de los asistentes. Las diferentes t\u00e9cnicas ser\u00e1n adecuadas a la necesidad y situaci\u00f3n de cada grupo. Tambi\u00e9n, podremos utilizar la tecnolog\u00eda como soporte de b\u00fasquedas e inspiraci\u00f3n para las producciones.<\/p>\n\n\n\n<p>Al finalizar cada encuentro se podr\u00e1 enviar una comunicaci\u00f3n con un resumen de lo hablado y\/o im\u00e1genes del encuentro.<\/p>\n\n\n\n<p>Con el correr de las jornadas se propondr\u00e1 a los asistentes la producci\u00f3n de, al menos, una obra para llevar a cabo posibles exposiciones abiertas a la comunidad a mediados y\/o al finalizar los encuentros de ese a\u00f1o. La propuesta ser\u00e1 efectiva en determinados puntos del cursado con los materiales que el asistente se sienta m\u00e1s c\u00f3modo. Adem\u00e1s, se intentar\u00e1 exponer banners con bocetos y trabajos realizados a lo largo de todo el taller.<\/p>\n\n\n\n<p>El rol del coordinador\/facilitador ser\u00e1, adem\u00e1s de alentar ideas, conceptos y proyectos nacidos por iniciativa del mismo grupo, mediar entre los asistentes, tanto entre ellos como con sus propias ideas y posibles desarrollos, y proponer conceptos y t\u00e9cnicas de producci\u00f3n.<\/p>\n\n\n\n<h3 class=\"wp-block-heading\" id=\"analisis\">Par\u00e1metros a analizar<\/h3>\n\n\n\n<p>Debido a que el taller se basar\u00e1 en el arte como conductor de emociones y que la aplicaci\u00f3n y comprensi\u00f3n de los temas desarrollados var\u00edan de individuo a individuo, los par\u00e1metros a analizar ser\u00e1n:<\/p>\n\n\n\n<ol class=\"wp-block-list\">\n<li>Apertura a propuestas de producci\u00f3n: grado de aceptaci\u00f3n y resoluci\u00f3n, tanto de las producciones en s\u00ed como del proceder intrapersonal, en el proceso creativo.<\/li>\n\n\n\n<li>Apertura a otros asistentes y normas de convivencia: caracter\u00edsticas y resoluci\u00f3n de interacciones, tanto interpersonales como con los materiales de trabajo.<\/li>\n\n\n\n<li>Grados de madurez en lo desarrollado.<\/li>\n<\/ol>\n\n\n\n<p>Basados en dichos an\u00e1lisis, en ocasiones soportados por ciencia de datos, se decidir\u00e1 el desarrollo de contenidos, pudiendo modificar sustancialmente lo pautado o conversado con anterioridad, dependiendo, principalmente, de los asistentes y el grupo que conforman. Se podr\u00e1n efectuar encuestas did\u00e1cticas o trabajos \u00abt\u00e9cnicos\u00bb que el coordinador crea conveniente.<\/p>\n\n\n\n<p><strong>Constancias de participaci\u00f3n<\/strong><\/p>\n\n\n\n<p>Durante el dictado de los talleres hemos notado cierta asociaci\u00f3n compromiso-evaluaci\u00f3n en los asistentes. Por este motivo, al finalizar el taller, se entregar\u00edan constancias de participaci\u00f3n que mostrar\u00e1n iconos, semejantes a los \u00abbadges\u00bb utilizados por plataformas de formaci\u00f3n online, reflejando determinadas caracter\u00edsticas, tanto para con el taller, como en cuanto a la individualidad art\u00edstica de cada asistente.<\/p>\n\n\n\n<p>Creemos que este tipo de evaluaci\u00f3n, presente en juegos que la mayor\u00eda juega a diario, podr\u00eda ayudarnos a transmitir que toda valoraci\u00f3n es v\u00e1lida solo bajo determinada intersecci\u00f3n circunstancial, desasociando, a su vez, la idea de compromiso con determinados par\u00e1metros comparativos, llev\u00e1ndolo hacia la pertenencia a un espacio de expresi\u00f3n com\u00fan.<\/p>\n\n\n\n<p><strong>&gt; M\u00e1s informaci\u00f3n:<\/strong>&nbsp;Sobre el arte visual y las evaluaciones<\/p>\n\n\n\n<figure class=\"wp-block-image size-large\"><img loading=\"lazy\" decoding=\"async\" width=\"1024\" height=\"590\" src=\"https:\/\/diegobaigorri.com\/wp-assets\/uploads\/sites\/12\/2024\/06\/img_tall_cert_2022-1024x590.jpg\" alt=\"\" class=\"wp-image-6853\" srcset=\"https:\/\/diegobaigorri.com\/wp-assets\/uploads\/sites\/12\/2024\/06\/img_tall_cert_2022-1024x590.jpg 1024w, https:\/\/diegobaigorri.com\/wp-assets\/uploads\/sites\/12\/2024\/06\/img_tall_cert_2022-300x173.jpg 300w, https:\/\/diegobaigorri.com\/wp-assets\/uploads\/sites\/12\/2024\/06\/img_tall_cert_2022-768x442.jpg 768w, https:\/\/diegobaigorri.com\/wp-assets\/uploads\/sites\/12\/2024\/06\/img_tall_cert_2022.jpg 1280w\" sizes=\"auto, (max-width: 1024px) 100vw, 1024px\" \/><figcaption class=\"wp-element-caption\">Parte de los tintorettos y tintorettas (Correa, 2022).<\/figcaption><\/figure>\n\n\n\n<h3 class=\"wp-block-heading\" id=\"exposicion\">Exposici\u00f3n<\/h3>\n\n\n\n<p>Entendiendo al arte no solo como conductor de expresiones, sino tambi\u00e9n como factor primordial de convergencia, asimilaci\u00f3n y armonizaci\u00f3n social, nuestra intenci\u00f3n ser\u00e1 realizar una exposici\u00f3n abierta a la comunidad.<\/p>\n\n\n\n<p>As\u00ed, este espacio, adem\u00e1s de materializar el trabajo realizado durante el taller, servir\u00e1 de soporte de una expresi\u00f3n que se abre y comunica, completando la tarea art\u00edstica.<\/p>\n\n\n\n<p>En ella podr\u00edamos incluir:<\/p>\n\n\n\n<ul class=\"wp-block-list\">\n<li>Obras especialmente realizadas para la ocasi\u00f3n por los asistentes<\/li>\n\n\n\n<li>Banners con producciones realizadas en cada encuentro del taller<\/li>\n\n\n\n<li>Multimedia<\/li>\n\n\n\n<li>Detalle de los contenidos desarrollados<\/li>\n\n\n\n<li>etc.<\/li>\n<\/ul>\n\n\n\n<p><strong>&gt; M\u00e1s informaci\u00f3n:<\/strong>&nbsp;<a href=\"https:\/\/diegobaigorri.com\/noticias\/2022\/12\/20\/exposicion-fin-de-ano-talleres-tintoretto\/\">Reviv\u00ed la expo de fin de ciclo 2022<\/a><\/p>\n\n\n\n<figure class=\"wp-block-embed is-type-video is-provider-youtube wp-block-embed-youtube wp-embed-aspect-16-9 wp-has-aspect-ratio\"><div class=\"wp-block-embed__wrapper\">\n<iframe loading=\"lazy\" title=\"Exposici\u00f3n: Recorrida (2022) - Cierre de a\u00f1o Talleres Tintoretto\" width=\"500\" height=\"281\" src=\"https:\/\/www.youtube.com\/embed\/hLwlFtGDfCY?feature=oembed\" frameborder=\"0\" allow=\"accelerometer; autoplay; clipboard-write; encrypted-media; gyroscope; picture-in-picture; web-share\" referrerpolicy=\"strict-origin-when-cross-origin\" allowfullscreen><\/iframe>\n<\/div><figcaption class=\"wp-element-caption\">Exposici\u00f3n realizada en Correa (2022).<\/figcaption><\/figure>\n\n\n\n<h3 class=\"wp-block-heading\" id=\"coordinador\">Sobre el coordinador<\/h3>\n\n\n\n<p><strong>Diego Baigorri (Argentina, 1984)<\/strong>. Desde ni\u00f1o ha desarrollado su creatividad a trav\u00e9s del dibujo, m\u00fasica, literatura y programaci\u00f3n, realizando sus primeras exposiciones art\u00edsticas, publicaciones gr\u00e1ficas y aplicaciones inform\u00e1ticas a corta edad. Sus obras pict\u00f3ricas han sido expuestas, formando parte de cat\u00e1logos locales y ferias internacionales, en Paris, Nueva York, Londres, Roma, Barcelona y Dubai, entre otros lugares.<\/p>\n\n\n\n<p><strong>&gt; Enlaces:<\/strong>&nbsp;<a href=\"https:\/\/diegobaigorri.com\/\">Sitio<\/a> |&nbsp;<a href=\"https:\/\/diegobaigorri.com\/arte\/\">Dossier<\/a> |&nbsp;<a href=\"https:\/\/diegobaigorri.com\/arte\/exposiciones\/\">Exposiciones<\/a><\/p>\n\n\n\n<figure class=\"wp-block-image size-large\"><img loading=\"lazy\" decoding=\"async\" width=\"1024\" height=\"304\" src=\"https:\/\/diegobaigorri.com\/wp-assets\/uploads\/sites\/12\/2024\/06\/img_tall_02-1-1024x304.jpg\" alt=\"\" class=\"wp-image-6854\" srcset=\"https:\/\/diegobaigorri.com\/wp-assets\/uploads\/sites\/12\/2024\/06\/img_tall_02-1-1024x304.jpg 1024w, https:\/\/diegobaigorri.com\/wp-assets\/uploads\/sites\/12\/2024\/06\/img_tall_02-1-300x89.jpg 300w, https:\/\/diegobaigorri.com\/wp-assets\/uploads\/sites\/12\/2024\/06\/img_tall_02-1-768x228.jpg 768w, https:\/\/diegobaigorri.com\/wp-assets\/uploads\/sites\/12\/2024\/06\/img_tall_02-1.jpg 1488w\" sizes=\"auto, (max-width: 1024px) 100vw, 1024px\" \/><\/figure>\n\n\n\n<div style=\"height:30px\" aria-hidden=\"true\" class=\"wp-block-spacer\"><\/div>\n\n\n\n<p><strong><a href=\"https:\/\/tallerestintoretto.com\/labs\/es\/arbol\/\" data-type=\"page\" data-id=\"8983\">Mapa del sitio<\/a><\/strong><\/p>\n\n\n\n<p>&gt; <strong>Secciones<\/strong>: <a href=\"https:\/\/tallerestintoretto.com\/labs\/es\/\" data-type=\"page\" data-id=\"6605\">Inicio<\/a> | <a href=\"https:\/\/tallerestintoretto.com\/labs\/es\/informacion\/\" data-type=\"page\" data-id=\"5837\">Informaci\u00f3n<\/a> | <a href=\"https:\/\/tallerestintoretto.com\/labs\/es\/sobretintoretto\/\" data-type=\"page\" data-id=\"6777\">Tintoretto<\/a> | <a href=\"https:\/\/tallerestintoretto.com\/labs\/es\/manifiesto\/\" data-type=\"page\" data-id=\"8041\">Manifiesto<\/a> | <a href=\"https:\/\/tallerestintoretto.com\/labs\/es\/ediciones\/\" data-type=\"page\" data-id=\"6917\">Ediciones<\/a><\/p>\n\n\n\n<blockquote class=\"wp-block-quote is-layout-flow wp-block-quote-is-layout-flow\"><\/blockquote>\n","protected":false},"excerpt":{"rendered":"<p>versione italiana \u00bb[ \ud83c\uddee\ud83c\uddf9 ] Tabla de contenidos Nota preliminar. La cantidad y los contenidos de los encuentros, as\u00ed como las actividades propuestas, pueden adaptarse a recorridos m\u00e1s breves, encuentros ocasionales, quincenales, mensuales o incluso a experiencias puntuales. La propuesta que sigue, pensada para un ciclo anual completo, se basa en la experiencia desarrollada en [&hellip;]<\/p>\n","protected":false},"author":96739695,"featured_media":0,"parent":6605,"menu_order":0,"comment_status":"closed","ping_status":"closed","template":"","meta":{"footnotes":""},"class_list":["post-6848","page","type-page","status-publish","hentry"],"_links":{"self":[{"href":"https:\/\/tallerestintoretto.com\/labs\/wp-json\/wp\/v2\/pages\/6848","targetHints":{"allow":["GET"]}}],"collection":[{"href":"https:\/\/tallerestintoretto.com\/labs\/wp-json\/wp\/v2\/pages"}],"about":[{"href":"https:\/\/tallerestintoretto.com\/labs\/wp-json\/wp\/v2\/types\/page"}],"author":[{"embeddable":true,"href":"https:\/\/tallerestintoretto.com\/labs\/wp-json\/wp\/v2\/users\/96739695"}],"replies":[{"embeddable":true,"href":"https:\/\/tallerestintoretto.com\/labs\/wp-json\/wp\/v2\/comments?post=6848"}],"version-history":[{"count":21,"href":"https:\/\/tallerestintoretto.com\/labs\/wp-json\/wp\/v2\/pages\/6848\/revisions"}],"predecessor-version":[{"id":10295,"href":"https:\/\/tallerestintoretto.com\/labs\/wp-json\/wp\/v2\/pages\/6848\/revisions\/10295"}],"up":[{"embeddable":true,"href":"https:\/\/tallerestintoretto.com\/labs\/wp-json\/wp\/v2\/pages\/6605"}],"wp:attachment":[{"href":"https:\/\/tallerestintoretto.com\/labs\/wp-json\/wp\/v2\/media?parent=6848"}],"curies":[{"name":"wp","href":"https:\/\/api.w.org\/{rel}","templated":true}]}}