{"id":5837,"date":"2023-03-21T10:32:27","date_gmt":"2023-03-21T13:32:27","guid":{"rendered":"https:\/\/diegobaigorri.com\/?page_id=5837"},"modified":"2025-06-23T18:49:57","modified_gmt":"2025-06-23T21:49:57","slug":"informacion","status":"publish","type":"page","link":"https:\/\/tallerestintoretto.com\/labs\/es\/informacion\/","title":{"rendered":"Informaci\u00f3n"},"content":{"rendered":"\n<p><\/p>\n\n\n\n<p class=\"has-text-align-center has-small-font-size\">Dictados en<\/p>\n\n\n\n<div class=\"wp-block-columns are-vertically-aligned-center is-not-stacked-on-mobile contenido_ochenta is-layout-flex wp-container-core-columns-is-layout-9d6595d7 wp-block-columns-is-layout-flex\">\n<div class=\"wp-block-column is-layout-flow wp-block-column-is-layout-flow\"><\/div>\n\n\n\n<div class=\"wp-block-column is-vertically-aligned-center is-layout-flow wp-block-column-is-layout-flow\" style=\"flex-basis:45%\"><div class=\"wp-block-image\">\n<figure class=\"aligncenter size-medium is-resized\"><a href=\"https:\/\/www.instagram.com\/bibliotecacorrea\/\" target=\"_blank\" rel=\" noreferrer noopener\"><img loading=\"lazy\" decoding=\"async\" width=\"300\" height=\"78\" src=\"https:\/\/diegobaigorri.com\/wp-assets\/uploads\/sites\/12\/2025\/04\/logo-biblio-correa-horizontal-300x78.jpg\" alt=\"\" class=\"wp-image-8023\" style=\"width:236px;height:auto\" srcset=\"https:\/\/diegobaigorri.com\/wp-assets\/uploads\/sites\/12\/2025\/04\/logo-biblio-correa-horizontal-300x78.jpg 300w, https:\/\/diegobaigorri.com\/wp-assets\/uploads\/sites\/12\/2025\/04\/logo-biblio-correa-horizontal.jpg 450w\" sizes=\"auto, (max-width: 300px) 100vw, 300px\" \/><\/a><\/figure>\n<\/div><\/div>\n\n\n\n<div class=\"wp-block-column is-vertically-aligned-center is-layout-flow wp-block-column-is-layout-flow\" style=\"flex-basis:45%\"><div class=\"wp-block-image\">\n<figure class=\"aligncenter size-full is-resized\"><a href=\"https:\/\/www.instagram.com\/labibliodeadeo\/\" target=\"_blank\" rel=\" noreferrer noopener\"><img loading=\"lazy\" decoding=\"async\" width=\"650\" height=\"363\" src=\"https:\/\/diegobaigorri.com\/wp-assets\/uploads\/sites\/12\/2025\/04\/logo_bibl_adeo.jpg\" alt=\"\" class=\"wp-image-8176\" style=\"width:190px\" srcset=\"https:\/\/diegobaigorri.com\/wp-assets\/uploads\/sites\/12\/2025\/04\/logo_bibl_adeo.jpg 650w, https:\/\/diegobaigorri.com\/wp-assets\/uploads\/sites\/12\/2025\/04\/logo_bibl_adeo-300x168.jpg 300w\" sizes=\"auto, (max-width: 650px) 100vw, 650px\" \/><\/a><\/figure>\n<\/div><\/div>\n\n\n\n<div class=\"wp-block-column is-layout-flow wp-block-column-is-layout-flow\"><\/div>\n<\/div>\n\n\n\n<hr class=\"wp-block-separator has-alpha-channel-opacity\" \/>\n\n\n\n<div class=\"wp-block-group tabla_de_contenidos has-background\" style=\"background-color:#eeeeee\"><div class=\"wp-block-group__inner-container is-layout-constrained wp-block-group-is-layout-constrained\">\n<h4 class=\"wp-block-heading\">Tabla de contenidos<\/h4>\n\n\n\n<ul class=\"wp-block-list\">\n<li><a href=\"#introduccion\">Introducci\u00f3n<\/a><\/li>\n\n\n\n<li><a href=\"#taller_correa\">Correa<\/a><\/li>\n\n\n\n<li><a href=\"#taller_cdg\">Ca\u00f1ada de G\u00f3mez<\/a><\/li>\n\n\n\n<li><a href=\"#general\">Informaci\u00f3n general<\/a><\/li>\n\n\n\n<li><a href=\"#modalidades\">Modalidades<\/a>\n<ul class=\"wp-block-list\">\n<li><a href=\"#tinto_e\">Tintoretto \u00abE\u00bb<\/a> (3\u00ba a 7\u00ba grado)<\/li>\n\n\n\n<li><a href=\"#tinto_t\">Tintoretto \u00abT\u00bb<\/a> (11 a 15 a\u00f1os)<\/li>\n\n\n\n<li><a href=\"#tinto_a\">Tintoretto \u00abA\u00bb<\/a> (mayores de 16 a\u00f1os)<\/li>\n<\/ul>\n<\/li>\n<\/ul>\n<\/div><\/div>\n\n\n\n<div style=\"height:48px\" aria-hidden=\"true\" class=\"wp-block-spacer\"><\/div>\n\n\n\n<div style=\"height:40px\" aria-hidden=\"true\" class=\"wp-block-spacer\"><\/div>\n\n\n\n<h2 class=\"wp-block-heading\">Talleres 2025<\/h2>\n\n\n\n<p><strong>03\/03\/2025<\/strong>. \u00a1Abrimos la preinscripci\u00f3n para los talleres 2025!<\/p>\n\n\n\n<h3 class=\"wp-block-heading\" id=\"introduccion\">Introducci\u00f3n<\/h3>\n\n\n\n<p><strong>Breve racconto<\/strong>. En <strong>2022 <\/strong>llevamos adelante el taller anual \u00abEl arte como conductor de emociones\u00bb, con tem\u00e1ticas semanales y una continuidad un tanto exigente&nbsp;<strong>[<\/strong><a href=\"https:\/\/tallerestintoretto.com\/labs\/es\/talleres2022\/\">+info<\/a><strong>]<\/strong>. En <strong>2023<\/strong>, la propuesta fue m\u00e1s light, con tem\u00e1ticas mensuales y sin una exigente continuidad&nbsp;<strong>[<\/strong><a href=\"https:\/\/tallerestintoretto.com\/labs\/es\/talleres2023\/\">+info<\/a><strong>]<\/strong>. En <strong>2024<\/strong>, mantuvimos los n\u00facleos mensuales, pero a\u00fan m\u00e1s flexible en cuanto a continuidad <strong>[<\/strong><a href=\"https:\/\/tallerestintoretto.com\/labs\/es\/talleres2024\/\">+info<\/a><strong>]<\/strong>. <span style=\"text-decoration: underline\">Tambi\u00e9n presentamos las herramientas Tintoretto<\/span>, tanto en versi\u00f3n digital como anal\u00f3gica.<\/p>\n\n\n\n<hr class=\"wp-block-separator has-alpha-channel-opacity\" \/>\n\n\n\n<div id=\"taller_correa\" class=\"wp-block-group\"><div class=\"wp-block-group__inner-container is-layout-constrained wp-block-group-is-layout-constrained\">\n<h3 class=\"wp-block-heading\">CORREA<\/h3>\n\n\n\n<p><strong>\u00a1Seguimos en la Biblio!<\/strong><\/p>\n\n\n\n<p><strong>Este a\u00f1o se viene con varias novedades. <\/strong>Para empezar, ampliando el rango etario y las b\u00fasquedas de los asistentes, contaremos con nuevas modalidades. Por supuesto, continuaremos con \u00abEl arte como conductor de emociones\u00bb, ahora denominado simplemente Tintoretto \u00abE\u00bb, sumando el Tintoretto \u00abT\u00bb y Tintoretto \u00abA\u00bb para mayores de 16 a\u00f1os. <\/p>\n\n\n\n<h4 class=\"wp-block-heading\" id=\"horarios\">Grupos confirmados<\/h4>\n\n\n\n<hr class=\"wp-block-separator has-alpha-channel-opacity\" \/>\n\n\n\n<p><strong>3\u00ba a 7\u00ba grado &#8211; Tintoretto E<\/strong> [<a href=\"#tinto_e\">+info<\/a>]<\/p>\n\n\n\n<ul class=\"wp-block-list\">\n<li>Martes 16.15 a 17.45hs <strong>[COMPLETO]<\/strong><\/li>\n\n\n\n<li>Jueves de 16.15 a 17.45hs <strong>[<strong>2 CUPOS<\/strong>]<\/strong><\/li>\n\n\n\n<li><strong>Valor<\/strong>. $6 000 por encuentro<\/li>\n<\/ul>\n\n\n\n<hr class=\"wp-block-separator has-alpha-channel-opacity\" \/>\n<\/div><\/div>\n\n\n\n<div id=\"taller_correa\" class=\"wp-block-group\"><div class=\"wp-block-group__inner-container is-layout-constrained wp-block-group-is-layout-constrained\">\n<p><strong>Tintoretto T<\/strong> (11 a 15 a\u00f1os) [<a href=\"#tinto_t\">+info<\/a>]<\/p>\n\n\n\n<ul class=\"wp-block-list\">\n<li>Mi\u00e9rcoles 16.30 a 18.00hs. <strong>[COMPLETO]<\/strong> <\/li>\n\n\n\n<li><strong>Valor<\/strong>. $6 000 por encuentro<\/li>\n<\/ul>\n\n\n\n<hr class=\"wp-block-separator has-alpha-channel-opacity\" \/>\n\n\n\n<p><strong>Tintoretto A <\/strong>(+16 a\u00f1os) [<a href=\"#tinto_a\">+info<\/a>]<\/p>\n\n\n\n<ul class=\"wp-block-list\">\n<li>Martes de 19.15 a 21.15hs. <\/li>\n\n\n\n<li><strong>Valor<\/strong>. $10 000 por encuentro<\/li>\n<\/ul>\n\n\n\n<hr class=\"wp-block-separator has-alpha-channel-opacity\" \/>\n\n\n\n<figure class=\"wp-block-image size-medium is-resized is-style-default\"><a href=\"https:\/\/www.instagram.com\/bibliotecacorrea\/\" target=\"_blank\" rel=\" noreferrer noopener\"><img loading=\"lazy\" decoding=\"async\" width=\"300\" height=\"78\" src=\"https:\/\/diegobaigorri.com\/wp-assets\/uploads\/sites\/12\/2025\/04\/logo-biblio-correa-horizontal-300x78.jpg\" alt=\"\" class=\"wp-image-8023\" style=\"width:215px;height:auto\" srcset=\"https:\/\/diegobaigorri.com\/wp-assets\/uploads\/sites\/12\/2025\/04\/logo-biblio-correa-horizontal-300x78.jpg 300w, https:\/\/diegobaigorri.com\/wp-assets\/uploads\/sites\/12\/2025\/04\/logo-biblio-correa-horizontal.jpg 450w\" sizes=\"auto, (max-width: 300px) 100vw, 300px\" \/><\/a><\/figure>\n\n\n\n<div class=\"wp-block-columns is-layout-flex wp-container-core-columns-is-layout-9d6595d7 wp-block-columns-is-layout-flex\">\n<div class=\"wp-block-column is-layout-flow wp-block-column-is-layout-flow\"><\/div>\n<\/div>\n\n\n\n<hr class=\"wp-block-separator has-alpha-channel-opacity\" \/>\n<\/div><\/div>\n\n\n\n<div id=\"correa\" class=\"wp-block-group\"><div class=\"wp-block-group__inner-container is-layout-constrained wp-block-group-is-layout-constrained\">\n<h3 class=\"wp-block-heading\" id=\"taller_cdg\">CA\u00d1ADA DE G\u00d3MEZ<\/h3>\n\n\n\n<p>\u00a1<strong>Llegamos a la Biblio de ADEO! \u00a1EMPEZAMOS EN MAYO!<\/strong><\/p>\n\n\n\n<p><strong>Tintoretto se expande. <\/strong>Por primera vez, formalmente, como ciclo, los talleres salen de Correa. Vamos a llevar la propuesta \u00abEl arte como conductor de emociones\u00bb, ahora denominado simplemente Tintoretto \u00abE\u00bb, a <em>la Biblio de ADEO<\/em> [a.k.a. Biblioteca Popular D. F. Sarmiento]. <span style=\"text-decoration: underline\">Los encuentros ser\u00e1n por la ma\u00f1ana y estar\u00e1n dirigidos a ni\u00f1@s de 2\u00ba a 5\u00ba grado<\/span>. <\/p>\n\n\n\n<p>Estamos muy contentos con esta nueva experiencia, <strong>\u00a1los esperamos!<\/strong><\/p>\n\n\n\n<hr class=\"wp-block-separator has-alpha-channel-opacity\" \/>\n\n\n\n<p><strong>2\u00ba a 5\u00ba grado &#8211; Tintoretto E<\/strong> [<a href=\"#tinto_e\">+info<\/a>]<\/p>\n\n\n\n<ul class=\"wp-block-list\">\n<li>Jueves de 9.30 a 11hs.<\/li>\n\n\n\n<li><strong>Valor<\/strong>. $6 000 por encuentro<\/li>\n<\/ul>\n\n\n\n<hr class=\"wp-block-separator has-alpha-channel-opacity\" \/>\n\n\n\n<figure class=\"wp-block-image size-medium is-resized is-style-default\"><a href=\"https:\/\/www.instagram.com\/labibliodeadeo\/\" target=\"_blank\" rel=\" noreferrer noopener\"><img loading=\"lazy\" decoding=\"async\" width=\"300\" height=\"168\" src=\"https:\/\/diegobaigorri.com\/wp-assets\/uploads\/sites\/12\/2025\/04\/logo_bibl_adeo-300x168.jpg\" alt=\"\" class=\"wp-image-8176\" style=\"width:215px;height:auto\" srcset=\"https:\/\/diegobaigorri.com\/wp-assets\/uploads\/sites\/12\/2025\/04\/logo_bibl_adeo-300x168.jpg 300w, https:\/\/diegobaigorri.com\/wp-assets\/uploads\/sites\/12\/2025\/04\/logo_bibl_adeo.jpg 650w\" sizes=\"auto, (max-width: 300px) 100vw, 300px\" \/><\/a><\/figure>\n<\/div><\/div>\n\n\n\n<div id=\"grupo_medianos\" class=\"wp-block-group\"><div class=\"wp-block-group__inner-container is-layout-constrained wp-block-group-is-layout-constrained\">\n<div class=\"wp-block-columns is-layout-flex wp-container-core-columns-is-layout-9d6595d7 wp-block-columns-is-layout-flex\">\n<div class=\"wp-block-column is-layout-flow wp-block-column-is-layout-flow\"><\/div>\n<\/div>\n\n\n\n<hr class=\"wp-block-separator has-alpha-channel-opacity\" \/>\n\n\n\n<h3 class=\"wp-block-heading\" id=\"general\">Informaci\u00f3n general<\/h3>\n\n\n\n<p><strong>Tintoretto es comunidad.<\/strong> La distribuci\u00f3n grupal se realiza por cuestiones did\u00e1cticas y necesidades de los asistentes: los rangos etarios son flexibles.<\/p>\n\n\n\n<p><strong>Todos los grupos tienen el mismo valor, similar contenido, adaptado seg\u00fan asistentes y sus b\u00fasquedas, y, a menos que se indique lo contrario en casos puntuales, mismos materiales b\u00e1sicos.<\/strong><\/p>\n\n\n\n<hr class=\"wp-block-separator has-alpha-channel-opacity\" \/>\n\n\n\n<p id=\"precio_materiales\"><strong>Valor.<\/strong> Var\u00eda seg\u00fan modalidad y gastos asociados a desplazamientos.<\/p>\n\n\n\n<p><strong>Materiales<\/strong>. Para comenzar deber\u00edan llevar hojas blancas A4 o un cuadernillos de hojas blancas A4, lo ideal ser\u00eda de unas 50 hojas (en varias imprentas y librer\u00edas del pueblo los hacen) y \u00fatiles escolares o los que tengan en casa.<\/p>\n\n\n\n<p>Pedimos un cuadernillo, m\u00e1s all\u00e1 de la comodidad, organizaci\u00f3n o poder ver f\u00e1cilmente los trabajos anteriores,&nbsp;para sumar cierta \u00abdificultad\u00bb en perder o, incluso, desechar las producciones que van realizando. Creemos que suma un puntito en cuanto a valorarnos como individuos creativos.<\/p>\n\n\n\n<p id=\"comunicacion\"><strong>Horarios de los encuentros. <\/strong>Var\u00eda seg\u00fan la modalidad y grupo, pero ser\u00e1n por la tarde los d\u00edas martes o mi\u00e9rcoles, con la posibilidad de agregar otro d\u00eda. Consult\u00e1 la info debajo, en la Biblio o por WhatsaApp.<\/p>\n\n\n\n<p id=\"comunicacion\"><strong>Comunicaci\u00f3n. <\/strong>Este a\u00f1o, la info de lo que desarrollamos en los encuentros se compartir\u00e1n v\u00eda WhatsApp y, seguramente, con una p\u00e1gina web en forma de diario, como a\u00f1os anteriores. Adem\u00e1s, subiremos material de lo trabajado en nuestro&nbsp;<a href=\"https:\/\/www.instagram.com\/tallerestintoretto\/\">Instagram<\/a>.<\/p>\n\n\n\n<hr class=\"wp-block-separator has-alpha-channel-opacity\" \/>\n\n\n\n<h3 class=\"wp-block-heading\" id=\"modalidades\">Modalidades<\/h3>\n\n\n\n<div style=\"height:10px\" aria-hidden=\"true\" class=\"wp-block-spacer\"><\/div>\n\n\n\n<p class=\"recuadro_azul\">Si bien hay un corte etario por cuestiones did\u00e1cticas, <strong>las modalidades respectan a la relaci\u00f3n con el hacer art\u00edstico, las necesidades y b\u00fasquedas personales<\/strong>, no con la edad espec\u00edfica ni conocimientos t\u00e9cnicos. <br><br>Al contrario, incentivamos la convivencia de edades dispares.<\/p>\n\n\n\n<div style=\"height:20px\" aria-hidden=\"true\" class=\"wp-block-spacer\"><\/div>\n\n\n\n<hr class=\"wp-block-separator has-alpha-channel-opacity\" \/>\n\n\n\n<h4 class=\"wp-block-heading\" id=\"tinto_e\">Tintoretto \u00abE\u00bb<\/h4>\n\n\n\n<ul class=\"wp-block-list\">\n<li><strong>Edades recomendadas<\/strong>. De 3\u00ba a 7\u00ba grado<\/li>\n\n\n\n<li>Disponible en <a href=\"#taller_correa\">Correa<\/a> y <a href=\"#taller_cdg\">Ca\u00f1ada de G\u00f3mez<\/a><\/li>\n<\/ul>\n\n\n\n<p>Es el taller de siempre y, tambi\u00e9n como siempre, con contenido nuevo encuentro a encuentro. El eje ser\u00e1 nuestros pensamientos, reflexionaremos, a trav\u00e9s de nuestras producciones, con, por ejemplo, la relaci\u00f3n con nosotros mismos, lo cotidiano, el entorno, la experiencia social. Apuntaremos a exteriorizar las emociones que todo esto genera, tanto \u00aben la hoja\u00bb como en el espacio expresivo <em>todo<\/em> que brinda el taller. Si bien no se buscar\u00e1 transmitir conocimiento t\u00e9cnico \u00abpuro y duro\u00bb, tampoco se dejar\u00e1 de lado.<\/p>\n\n\n\n<p>[ <strong><a href=\"https:\/\/tallerestintoretto.com\/labs\/es\/emociones\/\" data-type=\"page\" data-id=\"6848\">+ INFO<\/a><\/strong> ]<\/p>\n\n\n\n<hr class=\"wp-block-separator has-alpha-channel-opacity\" \/>\n\n\n\n<h4 class=\"wp-block-heading\" id=\"tinto_t\">Tintoretto \u00abT\u00bb<\/h4>\n\n\n\n<ul class=\"wp-block-list\">\n<li><strong>Edades recomendadas<\/strong>. De 11 a 15 a\u00f1os<\/li>\n\n\n\n<li>Disponible en <a href=\"#taller_correa\">Correa<\/a><\/li>\n<\/ul>\n\n\n\n<p>Tintoretto \u00abT\u00bb es una nueva propuesta que probaremos hasta, al menos, mediados de a\u00f1o. Si en Tintoretto \u00abE\u00bb podr\u00edamos hablar de porcentajes entre emociones, en un 80%, y lo t\u00e9cnico, en un 20%, en Tintoretto \u00abT\u00bb se invierten. Si bien se abrir\u00e1n espacios expresivos, seremos un poco m\u00e1s r\u00edgidos en las formas.<\/p>\n\n\n\n<hr class=\"wp-block-separator has-alpha-channel-opacity\" \/>\n\n\n\n<h4 class=\"wp-block-heading\" id=\"tinto_a\">Tintoretto \u00abA\u00bb<\/h4>\n\n\n\n<ul class=\"wp-block-list\">\n<li><strong>Edades recomendadas<\/strong>. Mayores de 16 a\u00f1os<\/li>\n\n\n\n<li>Disponible en <a href=\"#taller_correa\">Correa<\/a><\/li>\n<\/ul>\n\n\n\n<p>\u00abA\u00bb es una nueva propuesta para este ciclo. Ser\u00e1 muy similar a la modalidad \u00abE\u00bb, pero adaptada para adultos. Al comenzar el encuentro se compartir\u00e1 contenido, en ocasiones sobre determinadas tem\u00e1ticas, en otras, t\u00e9cnicas o artistas, para orientar la creatividad de los asistentes.<\/p>\n\n\n\n<p><strong>SE BUSCAR\u00c1 TRANSMITIR LA EXPRESI\u00d3N ART\u00cdSTICA CON DISPARADORES DE DIFERENTES \u00c1MBITOS, NO SOLO ART\u00cdSTICOS.<\/strong><\/p>\n\n\n\n<hr class=\"wp-block-separator has-alpha-channel-opacity\" \/>\n\n\n\n<p><strong>Metodolog\u00eda<\/strong>. Breve exposici\u00f3n tem\u00e1tica como disparador del encuentro y producci\u00f3n que podr\u00e1 dividirse en bosquejo y algo m\u00e1s \u00abformal\u00bb. Apuntaremos a una producci\u00f3n r\u00e1pida y creativa y otra m\u00e1s elaborada que podr\u00e1 continuarse en encuentros posteriores.<\/p>\n\n\n\n<p><strong>Valor.<\/strong> $10 000 por encuentro.<\/p>\n\n\n\n<p><strong>Materiales<\/strong>: No hace falta que sean profesionales, pueden ser escolares.<\/p>\n\n\n\n<ul class=\"wp-block-list\">\n<li><strong>3 l\u00e1pices de diferentes durezas. <\/strong>Por ejemplo:\n<ul class=\"wp-block-list\">\n<li>1 H3<\/li>\n\n\n\n<li>1 HB o B1<\/li>\n\n\n\n<li>1 B4 o superior<\/li>\n\n\n\n<li>Lo ideal ser\u00eda H3, HB, B1 y B4 o superior, uno de cada uno.<\/li>\n<\/ul>\n<\/li>\n\n\n\n<li><strong>Hojas blancas para realizar bocetos o apuntes<\/strong>. Puede ser A4 o menor, bloc de dibujo o lo que les quede m\u00e1s c\u00f3modo. Tengan en cuenta que es \u00abtipo borrador\u00bb y ser\u00e1 mejor tenerlas anilladas.<\/li>\n\n\n\n<li><strong>Bloc de dibujo N\u00ba6 o similar<\/strong> (46x32cm aproximadamente, gramaje superior a 110). Tambi\u00e9n puede ser A3, hojas texturadas, sueltas o el que puedan y quieran.<\/li>\n\n\n\n<li><strong>Ser\u00e1n bienvenidos esfuminos, pinceles, reglas, cutter, escuadras y, por supuesto, gomas.<\/strong><\/li>\n<\/ul>\n\n\n\n<div style=\"height:30px\" aria-hidden=\"true\" class=\"wp-block-spacer\"><\/div>\n\n\n\n<p class=\"recuadro_azul\">EN UN COMIENZO TAMBI\u00c9N PUEDEN LLEVAR MATERIALES O PINTURAS QUE TENGAN EN CASA, POR EJEMPLO, ESTIL\u00d3GRAFOS, TINTA, FIBRAS, ACUARELAS, ACR\u00cdLICOS O T\u00c9MPERAS. \u00d3LEOS, POR EL MOMENTO, NO. <\/p>\n\n\n\n<hr class=\"wp-block-separator has-alpha-channel-opacity\" \/>\n\n\n\n<p><strong>M\u00e1s informaci\u00f3n<\/strong>: <\/p>\n\n\n\n<ul class=\"wp-block-list\">\n<li><a href=\"https:\/\/tallerestintoretto.com\/labs\/es\/\" data-type=\"page\" data-id=\"6605\">Volver a inicio<\/a><\/li>\n\n\n\n<li><a href=\"https:\/\/diegobaigorri.com\/arte\/\">Sobre el coordinador<\/a><\/li>\n\n\n\n<li><a href=\"https:\/\/tallerestintoretto.com\/labs\/es\/manifiesto\/\">Manifiesto Laboratorio d\u2019Arte<\/a> (para los que gustan de leer)<\/li>\n\n\n\n<li><a href=\"https:\/\/www.instagram.com\/reel\/DHoXoYjPvTQ\/\">Arte como conductor evolutivo masivo<\/a> (para los que gustan escuchar)<\/li>\n<\/ul>\n\n\n\n<hr class=\"wp-block-separator has-alpha-channel-opacity\" \/>\n\n\n\n<figure class=\"wp-block-image size-large\"><img loading=\"lazy\" decoding=\"async\" width=\"1024\" height=\"128\" src=\"https:\/\/tallerestintoretto.com\/wp-assets\/uploads\/2023\/05\/linea_divison-1024x128.jpg\" alt=\"\" class=\"wp-image-6212\" srcset=\"https:\/\/diegobaigorri.com\/wp-assets\/uploads\/sites\/12\/2023\/05\/linea_divison-1024x128.jpg 1024w, https:\/\/diegobaigorri.com\/wp-assets\/uploads\/sites\/12\/2023\/05\/linea_divison-300x38.jpg 300w, https:\/\/diegobaigorri.com\/wp-assets\/uploads\/sites\/12\/2023\/05\/linea_divison-768x96.jpg 768w, https:\/\/diegobaigorri.com\/wp-assets\/uploads\/sites\/12\/2023\/05\/linea_divison-1536x192.jpg 1536w, https:\/\/diegobaigorri.com\/wp-assets\/uploads\/sites\/12\/2023\/05\/linea_divison.jpg 1606w\" sizes=\"auto, (max-width: 1024px) 100vw, 1024px\" \/><\/figure>\n<\/div><\/div>\n\n\n\n<p><\/p>\n","protected":false},"excerpt":{"rendered":"<p>Dictados en Tabla de contenidos Talleres 2025 03\/03\/2025. \u00a1Abrimos la preinscripci\u00f3n para los talleres 2025! Introducci\u00f3n Breve racconto. En 2022 llevamos adelante el taller anual \u00abEl arte como conductor de emociones\u00bb, con tem\u00e1ticas semanales y una continuidad un tanto exigente&nbsp;[+info]. En 2023, la propuesta fue m\u00e1s light, con tem\u00e1ticas mensuales y sin una exigente continuidad&nbsp;[+info]. [&hellip;]<\/p>\n","protected":false},"author":96739695,"featured_media":0,"parent":6605,"menu_order":0,"comment_status":"closed","ping_status":"closed","template":"","meta":{"footnotes":""},"class_list":["post-5837","page","type-page","status-publish","hentry"],"_links":{"self":[{"href":"https:\/\/tallerestintoretto.com\/labs\/wp-json\/wp\/v2\/pages\/5837","targetHints":{"allow":["GET"]}}],"collection":[{"href":"https:\/\/tallerestintoretto.com\/labs\/wp-json\/wp\/v2\/pages"}],"about":[{"href":"https:\/\/tallerestintoretto.com\/labs\/wp-json\/wp\/v2\/types\/page"}],"author":[{"embeddable":true,"href":"https:\/\/tallerestintoretto.com\/labs\/wp-json\/wp\/v2\/users\/96739695"}],"replies":[{"embeddable":true,"href":"https:\/\/tallerestintoretto.com\/labs\/wp-json\/wp\/v2\/comments?post=5837"}],"version-history":[{"count":180,"href":"https:\/\/tallerestintoretto.com\/labs\/wp-json\/wp\/v2\/pages\/5837\/revisions"}],"predecessor-version":[{"id":8982,"href":"https:\/\/tallerestintoretto.com\/labs\/wp-json\/wp\/v2\/pages\/5837\/revisions\/8982"}],"up":[{"embeddable":true,"href":"https:\/\/tallerestintoretto.com\/labs\/wp-json\/wp\/v2\/pages\/6605"}],"wp:attachment":[{"href":"https:\/\/tallerestintoretto.com\/labs\/wp-json\/wp\/v2\/media?parent=5837"}],"curies":[{"name":"wp","href":"https:\/\/api.w.org\/{rel}","templated":true}]}}